{"id":831,"date":"2022-03-20T10:47:01","date_gmt":"2022-03-20T10:47:01","guid":{"rendered":"https:\/\/brandschutz.studio\/?page_id=831"},"modified":"2025-12-03T14:48:10","modified_gmt":"2025-12-03T14:48:10","slug":"feuer-und-flamme-fuer-brandschutz","status":"publish","type":"page","link":"https:\/\/brandschutz.studio\/","title":{"rendered":"WILLKOMMEN"},"content":{"rendered":"\n<div class=\"is-layout-constrained wp-block-group alignwide\"><div class=\"wp-block-group__inner-container\">\n<h2 class=\"alignwide has-accent-color has-text-color has-larger-font-size\" style=\"font-style:normal;font-weight:600\"><em>FEUER UND FLAMME F\u00dcR BRANDSCHUTZ<\/em><\/h2>\n\n\n\n<p class=\"has-large-font-size\"><strong>Brandschutznachweise | Brandschutzkonzepte | Bestandsschutzpr\u00fcfung |<\/strong> <strong>Soll-Ist-Vergleiche |<\/strong> <br><strong>Stellungnahmen | Gutachten | Beratung | Bewertung | Begutachtung | Due Diligence | <\/strong><br><strong>Bauvorlagen | Genehmigungsplanung |&nbsp;<\/strong><br><strong>Brandschutzbeauftragter&nbsp;| Brandschutzordnungen |&nbsp;Flucht- und Rettungspl\u00e4ne | Feuerwehrpl\u00e4ne |&nbsp;<\/strong><\/p>\n\n\n\n<h2 class=\"alignwide has-accent-color has-text-color has-large-font-size\"><strong><em>WIR SIND BRANDSCHUTZSTUDIO <\/em><\/strong><br><br>eine Soziet\u00e4t von qualifizierten Fachplanern und Sachverst\u00e4ndigen f\u00fcr vorbeugenden Brandschutz. Mit umfassender Erfahrung und einem architekturbezogenen Hintergrund setzen wir uns kreativ und zuverl\u00e4ssig f\u00fcr nachhaltige L\u00f6sungen im vorbeugenden Brandschutz ein. Unser Leistungsspektrum deckt alle Geb\u00e4udeklassen sowie Sonderbauten im Bestand und Neubau ab. Unsere Dienstleistungen richten sich an Architekten, Bauherren, Eigent\u00fcmer, Betreiber, Verwalter und Nutzer.<br><\/h2>\n\n\n\n<p class=\"has-small-font-size\"><a href=\"https:\/\/brandschutz.studio\/?page_id=20\">mehr erfahren&#8230;<\/a><\/p>\n<\/div><\/div>\n","protected":false},"excerpt":{"rendered":"<p>FEUER UND FLAMME F\u00dcR BRANDSCHUTZ Brandschutznachweise | Brandschutzkonzepte | Bestandsschutzpr\u00fcfung | Soll-Ist-Vergleiche | Stellungnahmen | Gutachten | Beratung | Bewertung | Begutachtung | Due Diligence | Bauvorlagen |&hellip;<\/p>\n","protected":false},"author":1,"featured_media":0,"parent":0,"menu_order":0,"comment_status":"closed","ping_status":"closed","template":"","meta":[],"yoast_head":"<!-- This site is optimized with the Yoast SEO plugin v14.0.4 - https:\/\/yoast.com\/wordpress\/plugins\/seo\/ -->\n<title>WILLKOMMEN - brandschutz.studio<\/title>\n<meta name=\"robots\" content=\"index, follow\" \/>\n<meta name=\"googlebot\" content=\"index, follow, max-snippet:-1, max-image-preview:large, max-video-preview:-1\" \/>\n<meta name=\"bingbot\" content=\"index, follow, max-snippet:-1, max-image-preview:large, max-video-preview:-1\" \/>\n<link rel=\"canonical\" href=\"https:\/\/brandschutz.studio\/\" \/>\n<meta property=\"og:locale\" content=\"de_DE\" \/>\n<meta property=\"og:type\" content=\"article\" \/>\n<meta property=\"og:title\" content=\"WILLKOMMEN - brandschutz.studio\" \/>\n<meta property=\"og:description\" content=\"FEUER UND FLAMME F\u00dcR BRANDSCHUTZ Brandschutznachweise | Brandschutzkonzepte | Bestandsschutzpr\u00fcfung | Soll-Ist-Vergleiche | Stellungnahmen | Gutachten | Beratung | Bewertung | Begutachtung | Due Diligence | Bauvorlagen |&hellip;\" \/>\n<meta property=\"og:url\" content=\"https:\/\/brandschutz.studio\/\" \/>\n<meta property=\"og:site_name\" content=\"brandschutz.studio\" \/>\n<meta property=\"article:modified_time\" content=\"2025-12-03T14:48:10+00:00\" \/>\n<meta name=\"twitter:card\" content=\"summary_large_image\" \/>\n<script type=\"application\/ld+json\" class=\"yoast-schema-graph\">{\"@context\":\"https:\/\/schema.org\",\"@graph\":[{\"@type\":\"Organization\",\"@id\":\"https:\/\/brandschutz.studio\/#organization\",\"name\":\"BRANDSCHUTZ STUDIO\",\"url\":\"https:\/\/brandschutz.studio\/\",\"sameAs\":[],\"logo\":{\"@type\":\"ImageObject\",\"@id\":\"https:\/\/brandschutz.studio\/#logo\",\"inLanguage\":\"de\",\"url\":\"https:\/\/brandschutz.studio\/wp-content\/uploads\/2021\/02\/BRANDSCHUTZSTUDIO_LOGO-scaled.jpg\",\"width\":2560,\"height\":245,\"caption\":\"BRANDSCHUTZ STUDIO\"},\"image\":{\"@id\":\"https:\/\/brandschutz.studio\/#logo\"}},{\"@type\":\"WebSite\",\"@id\":\"https:\/\/brandschutz.studio\/#website\",\"url\":\"https:\/\/brandschutz.studio\/\",\"name\":\"brandschutz.studio\",\"description\":\"\",\"publisher\":{\"@id\":\"https:\/\/brandschutz.studio\/#organization\"},\"potentialAction\":[{\"@type\":\"SearchAction\",\"target\":\"https:\/\/brandschutz.studio\/?s={search_term_string}\",\"query-input\":\"required name=search_term_string\"}],\"inLanguage\":\"de\"},{\"@type\":\"WebPage\",\"@id\":\"https:\/\/brandschutz.studio\/#webpage\",\"url\":\"https:\/\/brandschutz.studio\/\",\"name\":\"WILLKOMMEN - brandschutz.studio\",\"isPartOf\":{\"@id\":\"https:\/\/brandschutz.studio\/#website\"},\"datePublished\":\"2022-03-20T10:47:01+00:00\",\"dateModified\":\"2025-12-03T14:48:10+00:00\",\"inLanguage\":\"de\",\"potentialAction\":[{\"@type\":\"ReadAction\",\"target\":[\"https:\/\/brandschutz.studio\/\"]}]}]}<\/script>\n<!-- \/ Yoast SEO plugin. -->","_links":{"self":[{"href":"https:\/\/brandschutz.studio\/index.php?rest_route=\/wp\/v2\/pages\/831"}],"collection":[{"href":"https:\/\/brandschutz.studio\/index.php?rest_route=\/wp\/v2\/pages"}],"about":[{"href":"https:\/\/brandschutz.studio\/index.php?rest_route=\/wp\/v2\/types\/page"}],"author":[{"embeddable":true,"href":"https:\/\/brandschutz.studio\/index.php?rest_route=\/wp\/v2\/users\/1"}],"replies":[{"embeddable":true,"href":"https:\/\/brandschutz.studio\/index.php?rest_route=%2Fwp%2Fv2%2Fcomments&post=831"}],"version-history":[{"count":122,"href":"https:\/\/brandschutz.studio\/index.php?rest_route=\/wp\/v2\/pages\/831\/revisions"}],"predecessor-version":[{"id":1397,"href":"https:\/\/brandschutz.studio\/index.php?rest_route=\/wp\/v2\/pages\/831\/revisions\/1397"}],"wp:attachment":[{"href":"https:\/\/brandschutz.studio\/index.php?rest_route=%2Fwp%2Fv2%2Fmedia&parent=831"}],"curies":[{"name":"wp","href":"https:\/\/api.w.org\/{rel}","templated":true}]}}