{"id":20,"date":"2020-05-11T17:04:45","date_gmt":"2020-05-11T17:04:45","guid":{"rendered":"http:\/\/brandschutz.studio\/?page_id=20"},"modified":"2025-12-03T14:46:49","modified_gmt":"2025-12-03T14:46:49","slug":"leistungen","status":"publish","type":"page","link":"https:\/\/brandschutz.studio\/?page_id=20","title":{"rendered":"LEISTUNGEN"},"content":{"rendered":"\n<div class=\"is-layout-flow wp-block-group alignwide\"><div class=\"wp-block-group__inner-container\">\n<h2 class=\"has-accent-color has-text-color has-larger-font-size\" style=\"font-style:normal;font-weight:600\"><em>KEIN SPIEL MIT DEM FEUER<\/em><br><\/h2>\n\n\n\n<p><strong>Ganzheitliche Brandschutzplanung<\/strong><br>Unser Leistungsspektrum ist gezielt auf ganzheitliche L\u00f6sungen ausgerichtet. Als zentrale Ansprechpartner f\u00fcr alle Fragen des vorbeugenden und organisatorischen Brandschutzes entwickeln wir integrierte Konzepte, die exakt auf die Bed\u00fcrfnisse unserer Auftraggeber abgestimmt sind. Wir begleiten Projekte \u00fcber alle Phasen hinweg \u2013 von der Konzeptentwicklung \u00fcber die Umsetzung bis zur langfristigen Betreuung im Betrieb.<\/p>\n\n\n\n<div style=\"height:27px\" aria-hidden=\"true\" class=\"wp-block-spacer\"><\/div>\n\n\n\n<div class=\"is-layout-flex wp-container-3 wp-block-columns\">\n<div class=\"is-layout-flow wp-block-column\" style=\"flex-basis:33.33%\">\n<h3 class=\"has-normal-font-size\"><em><strong>BRANDSCHUTZNACHWEISE<\/strong><\/em><br>NACH BAUORDNUNG<\/h3>\n<\/div>\n\n\n\n<div class=\"is-layout-flow wp-block-column\" style=\"flex-basis:66.66%\">\n<p><strong>F\u00fcr jedes genehmigungspflichtige Bauvorhaben ist ein Brandschutznachweis erforderlich.<\/strong> Dieser dient als Nachweis zur Einhaltung der bauordnungsrechtlichen Schutzziele. Ben\u00f6tigt werden diese f\u00fcr alle Geb\u00e4ude im Rahmen eines Bauantrags. Wir erstellen Nachweise entsprechend den Anforderungen der Landesbauordnung f\u00fcr Bestands- und Neubauten.<\/p>\n<\/div>\n<\/div>\n\n\n\n<div class=\"is-layout-flex wp-container-6 wp-block-columns\">\n<div class=\"is-layout-flow wp-block-column\" style=\"flex-basis:33.33%\">\n<h3 class=\"has-normal-font-size\" style=\"text-transform:uppercase\"><em><strong>Brandschutzkonzepte<\/strong><\/em><br>NACH SONDERBAUVERORDNUNG<\/h3>\n<\/div>\n\n\n\n<div class=\"is-layout-flow wp-block-column\" style=\"flex-basis:66.66%\">\n<p><strong>F\u00fcr jedes Sonderbauvorhaben ist ein Brandschutzkonzept erforderlich.<\/strong><br>Zur Einhaltung des gesetzlichen Schutzzielniveaus, ist es notwendig unter Ber\u00fccksichtgung der Gesamtsituation ein brandschutztechnisches Konzept zu erstellen. Wir erstellen diese f\u00fcr geregelte Sonderbauten, sowie als schutzzielorientierte Berachtung mittels Risikoanalyse f\u00fcr ungeregelte Sonderbauten.<\/p>\n<\/div>\n<\/div>\n\n\n\n<div class=\"is-layout-flex wp-container-9 wp-block-columns\">\n<div class=\"is-layout-flow wp-block-column\" style=\"flex-basis:33.33%\">\n<p><em><strong>BESTANDSSCHUTZPR\u00dcFUNG<\/strong><\/em><\/p>\n<\/div>\n\n\n\n<div class=\"is-layout-flow wp-block-column\" style=\"flex-basis:66.66%\">\n<p><strong>Wir pr\u00fcfen, ob und in welchem Umfang f\u00fcr bestehende Geb\u00e4ude Bestandsschutz besteht \u2013 und welche Anforderungen daraus f\u00fcr die Verkehrssicherungspflicht sowie f\u00fcr Umbau- oder Umnutzungsma\u00dfnahmen folgen.<\/strong><br>Der Bestandsschutz ergibt sich aus dem Eigentumsrecht gem\u00e4\u00df Artikel 14 des Grundgesetzes und sch\u00fctzt rechtm\u00e4\u00dfig errichtete bauliche Anlagen gegen\u00fcber sp\u00e4teren \u00c4nderungen der \u00f6ffentlich-rechtlichen Anforderungen (<em>passiver Bestandsschutz<\/em>). Dar\u00fcber hinaus umfasst er das Recht auf Genehmigung von Ma\u00dfnahmen zur Unterhaltung, Instandsetzung und Modernisierung, soweit diese f\u00fcr eine zeitgem\u00e4\u00dfe Nutzung erforderlich sind (<em>aktiver Bestandsschutz<\/em>).<\/p>\n<\/div>\n<\/div>\n\n\n\n<div class=\"is-layout-flex wp-container-12 wp-block-columns\">\n<div class=\"is-layout-flow wp-block-column\" style=\"flex-basis:33.33%\">\n<h3 class=\"has-normal-font-size\" style=\"text-transform:uppercase\"><strong><em>BAUTEILUNTERSUCHUNG<br>Bemessung <br>Begutachtung<\/em><\/strong><\/h3>\n<\/div>\n\n\n\n<div class=\"is-layout-flow wp-block-column\" style=\"flex-basis:66.66%\">\n<p><strong>Im Bestand ist es f\u00fcr die weiterf\u00fchrende Planung oftmals n\u00f6tig, die Eigenschaften der vorhandenen Bauteile eindeutig zu bestimmen.<\/strong><br>Wenn die Datenlage nicht ausreichend ist, m\u00fcssen Diese begutachtet und bemessen werden. Bei Bedarf leisten wir Begutachtung vorhander Bausubstanz, Schadbilderfassung, Einordnung von Bauteilen nach DIN 4102 sowie Hei\u00dfbemessungsverfahren.<\/p>\n<\/div>\n<\/div>\n\n\n\n<div class=\"is-layout-flex wp-container-13 wp-block-columns\"><\/div>\n\n\n\n<div class=\"is-layout-flex wp-container-16 wp-block-columns\">\n<div class=\"is-layout-flow wp-block-column\" style=\"flex-basis:33.33%\">\n<h3 class=\"has-normal-font-size\" style=\"text-transform:uppercase\"><em><strong>due diligence<\/strong><br>Bewertung von Immobilien<\/em><\/h3>\n<\/div>\n\n\n\n<div class=\"is-layout-flow wp-block-column\" style=\"flex-basis:66.66%\">\n<p><strong>Eine brandschutztechnische Bewertung von Bestandsgeb\u00e4uden \u2013 etwa vor dem Kauf, bei geplanten Umbauten oder zur Erf\u00fcllung der Verkehrssicherungspflicht \u2013 deckt fr\u00fchzeitig bestehende M\u00e4ngel auf und zeigt Handlungsbedarf sowie m\u00f6gliche L\u00f6sungswege auf. <\/strong>Dabei werden sowohl Abweichungen vom genehmigten Zustand als auch Risiken durch geplante bauliche oder nutzungsbedingte Ver\u00e4nderungen analysiert. Wir bieten diese Bewertungen in unterschiedlichen Untersuchungstiefen an \u2013 abgestimmt auf Ihren konkreten Anlass und Bedarf.<\/p>\n<\/div>\n<\/div>\n\n\n\n<div class=\"is-layout-flex wp-container-19 wp-block-columns\">\n<div class=\"is-layout-flow wp-block-column\" style=\"flex-basis:33.33%\">\n<h3 class=\"has-normal-font-size\"><strong><em>BERATUNG<\/em><\/strong><br><strong><em>WETTBEWERBSBETREUUNG<\/em><\/strong><\/h3>\n<\/div>\n\n\n\n<div class=\"is-layout-flow wp-block-column\" style=\"flex-basis:66.66%\">\n<p>Bei Entwurfsplanungen oder Architekturwettbewerben ist es sinnvoll, den Brandschutz fr\u00fchzeitig in die Projektentwicklung einzubinden. Die rechtzeitige Ber\u00fccksichtigung brandschutztechnischer Anforderungen schafft Planungssicherheit, reduziert sp\u00e4tere \u00c4nderungen und hilft, Kostensteigerungen zu vermeiden. Wir unterst\u00fctzen Architekten und Planungsteams mit fachlicher Beratung in den fr\u00fchen Leistungsphasen und entwickeln ganzheitliche Grundlagen und Brandschutzkonzepte \u2013 abgestimmt auf Entwurf, Nutzung und Genehmigungsf\u00e4higkeit.<\/p>\n<\/div>\n<\/div>\n\n\n\n<div class=\"is-layout-flex wp-container-22 wp-block-columns\">\n<div class=\"is-layout-flow wp-block-column\" style=\"flex-basis:33.33%\">\n<h3 class=\"has-normal-font-size\" style=\"text-transform:uppercase\"><strong><em>Bauvorlagen<\/em><br><em>Genehmigungsplanung<\/em><\/strong><\/h3>\n<\/div>\n\n\n\n<div class=\"is-layout-flow wp-block-column\" style=\"flex-basis:66.66%\">\n<p><strong>Brandschutzfragen spielen im Rahmen von Baugenehmigungsverfahren h\u00e4ufig eine zentrale Rolle. <\/strong>Als erfahrene Architekten pr\u00fcfen wir, ob ein Genehmigungsverfahren erforderlich ist, und erstellen bei Bedarf s\u00e4mtliche Bauvorlagen zur Einreichung. Dar\u00fcber hinaus erarbeiten wir die notwendigen Grundlagen, analysieren Varianten und koordinieren den gesamten Abstimmungsprozess mit den zust\u00e4ndigen Beh\u00f6rden \u2013 effizient und rechtssicher.<\/p>\n<\/div>\n<\/div>\n\n\n\n<div class=\"is-layout-flex wp-container-25 wp-block-columns\">\n<div class=\"is-layout-flow wp-block-column\" style=\"flex-basis:33.33%\">\n<h3 class=\"has-normal-font-size\" style=\"text-transform:uppercase\"><em>EXTERNER <strong>Brandschutzbeauftragter <\/strong><br>nach vfdb 12-09\/01:2021-12<\/em><\/h3>\n<\/div>\n\n\n\n<div class=\"is-layout-flow wp-block-column\" style=\"flex-basis:66.66%\">\n<p><strong>Der Brandschutzbeauftragte unterst\u00fctzt Betriebe und Geb\u00e4udeeigent\u00fcmer umfassend bei der Organisation des betrieblichen Brandschutzes. <\/strong>Als zentrale Schnittstelle zwischen Betreiber, Beh\u00f6rden und Feuerwehr sorgt er f\u00fcr die Einhaltung gesetzlicher Vorgaben und hilft, Risiken fr\u00fchzeitig zu erkennen und zu minimieren. Vertrauen Sie auf fachkundige Unterst\u00fctzung f\u00fcr mehr Sicherheit in Ihrem Unternehmen.<\/p>\n<\/div>\n<\/div>\n\n\n\n<div class=\"is-layout-flex wp-container-28 wp-block-columns\">\n<div class=\"is-layout-flow wp-block-column\" style=\"flex-basis:33.33%\">\n<h3 class=\"has-normal-font-size\" style=\"text-transform:uppercase\"><em><strong>Brandschutzordnungen <\/strong><br>nach DIN 14096<\/em><\/h3>\n<\/div>\n\n\n\n<div class=\"is-layout-flow wp-block-column\" style=\"flex-basis:66.66%\">\n<p><strong>Die Brandschutzordnung sorgt f\u00fcr klare Verhaltensregeln im Brandfall und ist in vielen Betrieben oder Sonderbauten gesetzlich vorgeschrieben. <\/strong>Die Brandschutzordnung gliedert sich in die Teile A (Aushang), B (f\u00fcr Besch\u00e4ftigte) und C (f\u00fcr Personen mit besonderen Aufgaben) und dient der Information, Pr\u00e4vention und schnellen Reaktion im Ernstfall. Auf Wunsch unterst\u00fctzen wir auch bei der Schulung Ihrer Mitarbeitenden und der regelm\u00e4\u00dfigen Aktualisierung der Dokumente.<\/p>\n<\/div>\n<\/div>\n\n\n\n<div class=\"is-layout-flex wp-container-31 wp-block-columns\">\n<div class=\"is-layout-flow wp-block-column\" style=\"flex-basis:33.33%\">\n<h3 class=\"has-accent-color has-text-color has-normal-font-size\" style=\"font-style:normal;font-weight:400;text-transform:uppercase\"><em><strong>Flucht- und Rettungspl\u00e4ne<\/strong> <\/em><br><em>nach DIN ISO 23601 <\/em><\/h3>\n<\/div>\n\n\n\n<div class=\"is-layout-flow wp-block-column\" style=\"flex-basis:66.66%\">\n<p><strong>Flucht- und Rettungspl\u00e4ne sind ein zentraler Bestandteil des organisatorischen Brandschutzes und dienen in Form einer grafischen Grundrissdarstellung allen im Geb\u00e4ude anwesenden Personen als Orientierungshilfe.<\/strong> Wir erstellen normgerechte Pl\u00e4ne gem\u00e4\u00df DIN ISO 23601, die \u00fcbersichtlich und verst\u00e4ndlich Fluchtwege, Notausg\u00e4nge sowie Standorte von Feuerl\u00f6schern und Erste-Hilfe-Einrichtungen darstellen. Sie dienen der schnellen Orientierung f\u00fcr Besch\u00e4ftigte und Besucher und sind auch f\u00fcr Unterweisungen und Evakuierungs\u00fcbungen unerl\u00e4sslich. <\/p>\n<\/div>\n<\/div>\n\n\n\n<div class=\"is-layout-flex wp-container-34 wp-block-columns\">\n<div class=\"is-layout-flow wp-block-column\" style=\"flex-basis:33.33%\">\n<h3 class=\"has-normal-font-size\" style=\"text-transform:uppercase\"><em><strong>Feuerwehrpl\u00e4ne<\/strong><br>nach DIN 14095<\/em><\/h3>\n<\/div>\n\n\n\n<div class=\"is-layout-flow wp-block-column\" style=\"flex-basis:66.66%\">\n<p><strong>Feuerwehrpl\u00e4ne sind ein Einsatzmittel f\u00fcr die Feuerwehr und diesen der schnellen Orientierung im Brandfall.<\/strong> Wir erstellen Feuerwehrpl\u00e4ne gem\u00e4\u00df DIN 14095 und in Abstimmung mit den zust\u00e4ndigen Brandschutzdienststellen. Sie enthalten alle relevanten Informationen wie Geb\u00e4udegrundrisse, Angriffswege, L\u00f6schwasserversorgung und besondere Gefahrenquellen. So unterst\u00fctzen Sie aktiv eine effektive und sichere Einsatzplanung im Ernstfall. Auf Wunsch \u00fcbernehmen wir auch die regelm\u00e4\u00dfige Aktualisierung Ihrer Pl\u00e4ne.<\/p>\n<\/div>\n<\/div>\n\n\n\n<div style=\"height:13px\" aria-hidden=\"true\" class=\"wp-block-spacer\"><\/div>\n<\/div><\/div>\n\n\n\n<h2 class=\"alignwide has-large-font-size\"><strong><a href=\"mailto:info@brandschutz.studio\">info@brandschutz.studio<\/a><br>+49\u02d9(0)351\u02d98261\u02d999\u02d955<\/strong><\/h2>\n","protected":false},"excerpt":{"rendered":"<p>KEIN SPIEL MIT DEM FEUER Ganzheitliche BrandschutzplanungUnser Leistungsspektrum ist gezielt auf ganzheitliche L\u00f6sungen ausgerichtet. Als zentrale Ansprechpartner f\u00fcr alle Fragen des vorbeugenden und organisatorischen Brandschutzes entwickeln wir integrierte&hellip;<\/p>\n","protected":false},"author":1,"featured_media":0,"parent":0,"menu_order":0,"comment_status":"closed","ping_status":"closed","template":"","meta":[],"yoast_head":"<!-- This site is optimized with the Yoast SEO plugin v14.0.4 - https:\/\/yoast.com\/wordpress\/plugins\/seo\/ -->\n<title>LEISTUNGEN - brandschutz.studio<\/title>\n<meta name=\"robots\" content=\"index, follow\" \/>\n<meta name=\"googlebot\" content=\"index, follow, max-snippet:-1, max-image-preview:large, max-video-preview:-1\" \/>\n<meta name=\"bingbot\" content=\"index, follow, max-snippet:-1, max-image-preview:large, max-video-preview:-1\" \/>\n<link rel=\"canonical\" href=\"https:\/\/brandschutz.studio\/?page_id=20\" \/>\n<meta property=\"og:locale\" content=\"de_DE\" \/>\n<meta property=\"og:type\" content=\"article\" \/>\n<meta property=\"og:title\" content=\"LEISTUNGEN - brandschutz.studio\" \/>\n<meta property=\"og:description\" content=\"KEIN SPIEL MIT DEM FEUER Ganzheitliche BrandschutzplanungUnser Leistungsspektrum ist gezielt auf ganzheitliche L\u00f6sungen ausgerichtet. Als zentrale Ansprechpartner f\u00fcr alle Fragen des vorbeugenden und organisatorischen Brandschutzes entwickeln wir integrierte&hellip;\" \/>\n<meta property=\"og:url\" content=\"https:\/\/brandschutz.studio\/?page_id=20\" \/>\n<meta property=\"og:site_name\" content=\"brandschutz.studio\" \/>\n<meta property=\"article:modified_time\" content=\"2025-12-03T14:46:49+00:00\" \/>\n<meta name=\"twitter:card\" content=\"summary_large_image\" \/>\n<script type=\"application\/ld+json\" class=\"yoast-schema-graph\">{\"@context\":\"https:\/\/schema.org\",\"@graph\":[{\"@type\":\"Organization\",\"@id\":\"https:\/\/brandschutz.studio\/#organization\",\"name\":\"BRANDSCHUTZ STUDIO\",\"url\":\"https:\/\/brandschutz.studio\/\",\"sameAs\":[],\"logo\":{\"@type\":\"ImageObject\",\"@id\":\"https:\/\/brandschutz.studio\/#logo\",\"inLanguage\":\"de\",\"url\":\"https:\/\/brandschutz.studio\/wp-content\/uploads\/2021\/02\/BRANDSCHUTZSTUDIO_LOGO-scaled.jpg\",\"width\":2560,\"height\":245,\"caption\":\"BRANDSCHUTZ STUDIO\"},\"image\":{\"@id\":\"https:\/\/brandschutz.studio\/#logo\"}},{\"@type\":\"WebSite\",\"@id\":\"https:\/\/brandschutz.studio\/#website\",\"url\":\"https:\/\/brandschutz.studio\/\",\"name\":\"brandschutz.studio\",\"description\":\"\",\"publisher\":{\"@id\":\"https:\/\/brandschutz.studio\/#organization\"},\"potentialAction\":[{\"@type\":\"SearchAction\",\"target\":\"https:\/\/brandschutz.studio\/?s={search_term_string}\",\"query-input\":\"required name=search_term_string\"}],\"inLanguage\":\"de\"},{\"@type\":\"WebPage\",\"@id\":\"https:\/\/brandschutz.studio\/?page_id=20#webpage\",\"url\":\"https:\/\/brandschutz.studio\/?page_id=20\",\"name\":\"LEISTUNGEN - brandschutz.studio\",\"isPartOf\":{\"@id\":\"https:\/\/brandschutz.studio\/#website\"},\"datePublished\":\"2020-05-11T17:04:45+00:00\",\"dateModified\":\"2025-12-03T14:46:49+00:00\",\"inLanguage\":\"de\",\"potentialAction\":[{\"@type\":\"ReadAction\",\"target\":[\"https:\/\/brandschutz.studio\/?page_id=20\"]}]}]}<\/script>\n<!-- \/ Yoast SEO plugin. -->","_links":{"self":[{"href":"https:\/\/brandschutz.studio\/index.php?rest_route=\/wp\/v2\/pages\/20"}],"collection":[{"href":"https:\/\/brandschutz.studio\/index.php?rest_route=\/wp\/v2\/pages"}],"about":[{"href":"https:\/\/brandschutz.studio\/index.php?rest_route=\/wp\/v2\/types\/page"}],"author":[{"embeddable":true,"href":"https:\/\/brandschutz.studio\/index.php?rest_route=\/wp\/v2\/users\/1"}],"replies":[{"embeddable":true,"href":"https:\/\/brandschutz.studio\/index.php?rest_route=%2Fwp%2Fv2%2Fcomments&post=20"}],"version-history":[{"count":213,"href":"https:\/\/brandschutz.studio\/index.php?rest_route=\/wp\/v2\/pages\/20\/revisions"}],"predecessor-version":[{"id":1406,"href":"https:\/\/brandschutz.studio\/index.php?rest_route=\/wp\/v2\/pages\/20\/revisions\/1406"}],"wp:attachment":[{"href":"https:\/\/brandschutz.studio\/index.php?rest_route=%2Fwp%2Fv2%2Fmedia&parent=20"}],"curies":[{"name":"wp","href":"https:\/\/api.w.org\/{rel}","templated":true}]}}