{"id":16,"date":"2020-05-11T17:03:39","date_gmt":"2020-05-11T17:03:39","guid":{"rendered":"http:\/\/brandschutz.studio\/?page_id=16"},"modified":"2025-10-02T15:56:31","modified_gmt":"2025-10-02T15:56:31","slug":"impressum","status":"publish","type":"page","link":"https:\/\/brandschutz.studio\/?page_id=16","title":{"rendered":"IMPRESSUM"},"content":{"rendered":"\n<div class=\"is-layout-flow wp-block-group alignwide\"><div class=\"wp-block-group__inner-container\">\n<h2 class=\"has-accent-color has-text-color has-larger-font-size\"><em>IMPRESSUM<\/em><\/h2>\n\n\n\n<p class=\"has-accent-color has-text-color has-normal-font-size\"><em><strong>EINTRAGUNG <\/strong>Liste der nachweisberechtigten Brandschutzplaner<br><strong>KAMMER <\/strong>Architektenkammer Sachsen<br><strong>BERUFSBEZEICHNUNG <\/strong>qualifizierte Brandschutzplanung<br><strong>BERUFSRECHTLICHES<\/strong> siehe Website der Architektenkammer Sachsen<br><strong>VERSICHERUNG<\/strong> Berufshaftpflichtversicherung f\u00fcr Deutschland<\/em><br><em><strong>BETREIBER <\/strong>Christian Stiller<br><strong>ADRESSE <\/strong>Glacisstra\u00dfe 7 | 01099 Dresden<br><strong>KONTAKT<\/strong> info@brandschutz.studio | +49\u02d9(0) 351 82 61 99 55<\/em><br><em><strong>BILDRECHTE<\/strong> BRANDSCHUTZ.STUDIO<br><strong>WEBSITEBETREIBER<\/strong> BRANDSCHUTZ.STUDIO<\/em><br><em><strong>HAFTUNGSHINWEIS <\/strong>BRANDSCHUTZSTUDIO ist als Inhaltsanbieter nach \u00a7 7 Abs. 1 TMG f\u00fcr die eigenen Inhalte nach den allgemeinen Gesetzen verantwortlich. Von diesen eigenen Inhalten sind Querverweise (\u201eLinks\u201c) auf die von anderen Anbietern bereitgehaltenen Inhalte zu unter scheiden. Durch den Querverweis h\u00e4lt Brandschutz | Studio insofern \u201efremde Inhalte\u201c zur Nutzung bereit, die durch den Hinweis \u201e[extern]\u201c entsprechend gekennzeichnet sind, soweit nicht aus den Umst\u00e4nden, z.B.der eindeutigen Benennung des Links, eindeutig hervorgeht, dass eine Verlinkung zu einem externen Dienstanbieter erfolgt. Diese fremden Inhalte wurden bei der erstmaligen Link- Setzung daraufhin \u00fcberpr\u00fcft, ob durch sie eine m\u00f6gliche zivilrechtliche oder strafrechtliche Verant wortlichkeit ausgel\u00f6st wird. Es ist jedoch nicht auszuschlie\u00dfen, dass die Inhalte im Nachhinein von den jeweiligen Anbietern ver\u00e4ndert werden. Brandschutz | Studio \u00fcberpr\u00fcft die Inhalte, auf die siein ihrem Angebot verweist, nicht st\u00e4ndig auf Ver\u00e4nderungen, die eine Verantwortlichkeit neu begr\u00fcnden k\u00f6nnten. Sollten Sie der Ansicht sein, dass die verlinkten externen Seiten gegen geltendes Recht ver sto\u00dfen oder sonst unangemessene Inhalte haben, so teilen Sie uns dies bitte mit.<\/em><\/p>\n<\/div><\/div>\n","protected":false},"excerpt":{"rendered":"<p>IMPRESSUM EINTRAGUNG Liste der nachweisberechtigten BrandschutzplanerKAMMER Architektenkammer SachsenBERUFSBEZEICHNUNG qualifizierte BrandschutzplanungBERUFSRECHTLICHES siehe Website der Architektenkammer SachsenVERSICHERUNG Berufshaftpflichtversicherung f\u00fcr DeutschlandBETREIBER Christian StillerADRESSE Glacisstra\u00dfe 7 | 01099 DresdenKONTAKT info@brandschutz.studio | +49\u02d9(0)&hellip;<\/p>\n","protected":false},"author":1,"featured_media":0,"parent":0,"menu_order":0,"comment_status":"closed","ping_status":"closed","template":"","meta":[],"yoast_head":"<!-- This site is optimized with the Yoast SEO plugin v14.0.4 - https:\/\/yoast.com\/wordpress\/plugins\/seo\/ -->\n<title>IMPRESSUM - brandschutz.studio<\/title>\n<meta name=\"robots\" content=\"index, follow\" \/>\n<meta name=\"googlebot\" content=\"index, follow, max-snippet:-1, max-image-preview:large, max-video-preview:-1\" \/>\n<meta name=\"bingbot\" content=\"index, follow, max-snippet:-1, max-image-preview:large, max-video-preview:-1\" \/>\n<link rel=\"canonical\" href=\"https:\/\/brandschutz.studio\/?page_id=16\" \/>\n<meta property=\"og:locale\" content=\"de_DE\" \/>\n<meta property=\"og:type\" content=\"article\" \/>\n<meta property=\"og:title\" content=\"IMPRESSUM - brandschutz.studio\" \/>\n<meta property=\"og:description\" content=\"IMPRESSUM EINTRAGUNG Liste der nachweisberechtigten BrandschutzplanerKAMMER Architektenkammer SachsenBERUFSBEZEICHNUNG qualifizierte BrandschutzplanungBERUFSRECHTLICHES siehe Website der Architektenkammer SachsenVERSICHERUNG Berufshaftpflichtversicherung f\u00fcr DeutschlandBETREIBER Christian StillerADRESSE Glacisstra\u00dfe 7 | 01099 DresdenKONTAKT info@brandschutz.studio | +49\u02d9(0)&hellip;\" \/>\n<meta property=\"og:url\" content=\"https:\/\/brandschutz.studio\/?page_id=16\" \/>\n<meta property=\"og:site_name\" content=\"brandschutz.studio\" \/>\n<meta property=\"article:modified_time\" content=\"2025-10-02T15:56:31+00:00\" \/>\n<meta name=\"twitter:card\" content=\"summary_large_image\" \/>\n<script type=\"application\/ld+json\" class=\"yoast-schema-graph\">{\"@context\":\"https:\/\/schema.org\",\"@graph\":[{\"@type\":\"Organization\",\"@id\":\"https:\/\/brandschutz.studio\/#organization\",\"name\":\"BRANDSCHUTZ STUDIO\",\"url\":\"https:\/\/brandschutz.studio\/\",\"sameAs\":[],\"logo\":{\"@type\":\"ImageObject\",\"@id\":\"https:\/\/brandschutz.studio\/#logo\",\"inLanguage\":\"de\",\"url\":\"https:\/\/brandschutz.studio\/wp-content\/uploads\/2021\/02\/BRANDSCHUTZSTUDIO_LOGO-scaled.jpg\",\"width\":2560,\"height\":245,\"caption\":\"BRANDSCHUTZ STUDIO\"},\"image\":{\"@id\":\"https:\/\/brandschutz.studio\/#logo\"}},{\"@type\":\"WebSite\",\"@id\":\"https:\/\/brandschutz.studio\/#website\",\"url\":\"https:\/\/brandschutz.studio\/\",\"name\":\"brandschutz.studio\",\"description\":\"\",\"publisher\":{\"@id\":\"https:\/\/brandschutz.studio\/#organization\"},\"potentialAction\":[{\"@type\":\"SearchAction\",\"target\":\"https:\/\/brandschutz.studio\/?s={search_term_string}\",\"query-input\":\"required name=search_term_string\"}],\"inLanguage\":\"de\"},{\"@type\":\"WebPage\",\"@id\":\"https:\/\/brandschutz.studio\/?page_id=16#webpage\",\"url\":\"https:\/\/brandschutz.studio\/?page_id=16\",\"name\":\"IMPRESSUM - brandschutz.studio\",\"isPartOf\":{\"@id\":\"https:\/\/brandschutz.studio\/#website\"},\"datePublished\":\"2020-05-11T17:03:39+00:00\",\"dateModified\":\"2025-10-02T15:56:31+00:00\",\"inLanguage\":\"de\",\"potentialAction\":[{\"@type\":\"ReadAction\",\"target\":[\"https:\/\/brandschutz.studio\/?page_id=16\"]}]}]}<\/script>\n<!-- \/ Yoast SEO plugin. -->","_links":{"self":[{"href":"https:\/\/brandschutz.studio\/index.php?rest_route=\/wp\/v2\/pages\/16"}],"collection":[{"href":"https:\/\/brandschutz.studio\/index.php?rest_route=\/wp\/v2\/pages"}],"about":[{"href":"https:\/\/brandschutz.studio\/index.php?rest_route=\/wp\/v2\/types\/page"}],"author":[{"embeddable":true,"href":"https:\/\/brandschutz.studio\/index.php?rest_route=\/wp\/v2\/users\/1"}],"replies":[{"embeddable":true,"href":"https:\/\/brandschutz.studio\/index.php?rest_route=%2Fwp%2Fv2%2Fcomments&post=16"}],"version-history":[{"count":32,"href":"https:\/\/brandschutz.studio\/index.php?rest_route=\/wp\/v2\/pages\/16\/revisions"}],"predecessor-version":[{"id":1361,"href":"https:\/\/brandschutz.studio\/index.php?rest_route=\/wp\/v2\/pages\/16\/revisions\/1361"}],"wp:attachment":[{"href":"https:\/\/brandschutz.studio\/index.php?rest_route=%2Fwp%2Fv2%2Fmedia&parent=16"}],"curies":[{"name":"wp","href":"https:\/\/api.w.org\/{rel}","templated":true}]}}